{"id":96,"date":"2022-06-08T21:28:54","date_gmt":"2022-06-08T19:28:54","guid":{"rendered":"https:\/\/apogee.live\/?page_id=96"},"modified":"2024-02-29T16:51:38","modified_gmt":"2024-02-29T15:51:38","slug":"agenda","status":"publish","type":"page","link":"https:\/\/biogen.gr-live.de\/index.php\/agenda\/","title":{"rendered":"Agenda"},"content":{"rendered":"\t\t<div data-elementor-type=\"wp-page\" data-elementor-id=\"96\" class=\"elementor elementor-96\">\n\t\t\t\t\t\t<section class=\"elementor-section elementor-top-section elementor-element elementor-element-fef0c2e elementor-section-boxed elementor-section-height-default elementor-section-height-default\" data-id=\"fef0c2e\" data-element_type=\"section\">\n\t\t\t\t\t\t<div class=\"elementor-container elementor-column-gap-default\">\n\t\t\t\t\t<div class=\"elementor-column elementor-col-100 elementor-top-column elementor-element elementor-element-167d475\" data-id=\"167d475\" data-element_type=\"column\">\n\t\t\t<div class=\"elementor-widget-wrap\">\n\t\t\t\t\t\t\t<\/div>\n\t\t<\/div>\n\t\t\t\t\t<\/div>\n\t\t<\/section>\n\t\t\t\t<section class=\"elementor-section elementor-top-section elementor-element elementor-element-4bcb048 elementor-section-boxed elementor-section-height-default elementor-section-height-default\" data-id=\"4bcb048\" data-element_type=\"section\">\n\t\t\t\t\t\t<div class=\"elementor-container elementor-column-gap-default\">\n\t\t\t\t\t<div class=\"elementor-column elementor-col-100 elementor-top-column elementor-element elementor-element-030e388\" data-id=\"030e388\" data-element_type=\"column\" data-settings=\"{&quot;background_background&quot;:&quot;classic&quot;}\">\n\t\t\t<div class=\"elementor-widget-wrap elementor-element-populated\">\n\t\t\t\t\t\t<div class=\"elementor-element elementor-element-8f7da8c elementor-widget elementor-widget-image\" data-id=\"8f7da8c\" data-element_type=\"widget\" data-widget_type=\"image.default\">\n\t\t\t\t<div class=\"elementor-widget-container\">\n\t\t\t<style>\/*! elementor - v3.20.0 - 20-03-2024 *\/\n.elementor-widget-image{text-align:center}.elementor-widget-image a{display:inline-block}.elementor-widget-image a img[src$=\".svg\"]{width:48px}.elementor-widget-image img{vertical-align:middle;display:inline-block}<\/style>\t\t\t\t\t\t\t\t\t\t<img fetchpriority=\"high\" decoding=\"async\" width=\"800\" height=\"200\" src=\"https:\/\/biogen.gr-live.de\/wp-content\/uploads\/2024\/02\/Agenda.jpg\" class=\"attachment-large size-large wp-image-280\" alt=\"Agenda\" srcset=\"https:\/\/biogen.gr-live.de\/wp-content\/uploads\/2024\/02\/Agenda.jpg 800w, https:\/\/biogen.gr-live.de\/wp-content\/uploads\/2024\/02\/Agenda-300x75.jpg 300w, https:\/\/biogen.gr-live.de\/wp-content\/uploads\/2024\/02\/Agenda-768x192.jpg 768w\" sizes=\"(max-width: 800px) 100vw, 800px\" \/>\t\t\t\t\t\t\t\t\t\t\t\t\t<\/div>\n\t\t\t\t<\/div>\n\t\t\t\t<div class=\"elementor-element elementor-element-2c2b030 elementor-widget elementor-widget-spacer\" data-id=\"2c2b030\" data-element_type=\"widget\" data-widget_type=\"spacer.default\">\n\t\t\t\t<div class=\"elementor-widget-container\">\n\t\t\t<style>\/*! elementor - v3.20.0 - 20-03-2024 *\/\n.elementor-column .elementor-spacer-inner{height:var(--spacer-size)}.e-con{--container-widget-width:100%}.e-con-inner>.elementor-widget-spacer,.e-con>.elementor-widget-spacer{width:var(--container-widget-width,var(--spacer-size));--align-self:var(--container-widget-align-self,initial);--flex-shrink:0}.e-con-inner>.elementor-widget-spacer>.elementor-widget-container,.e-con>.elementor-widget-spacer>.elementor-widget-container{height:100%;width:100%}.e-con-inner>.elementor-widget-spacer>.elementor-widget-container>.elementor-spacer,.e-con>.elementor-widget-spacer>.elementor-widget-container>.elementor-spacer{height:100%}.e-con-inner>.elementor-widget-spacer>.elementor-widget-container>.elementor-spacer>.elementor-spacer-inner,.e-con>.elementor-widget-spacer>.elementor-widget-container>.elementor-spacer>.elementor-spacer-inner{height:var(--container-widget-height,var(--spacer-size))}.e-con-inner>.elementor-widget-spacer.elementor-widget-empty,.e-con>.elementor-widget-spacer.elementor-widget-empty{position:relative;min-height:22px;min-width:22px}.e-con-inner>.elementor-widget-spacer.elementor-widget-empty .elementor-widget-empty-icon,.e-con>.elementor-widget-spacer.elementor-widget-empty .elementor-widget-empty-icon{position:absolute;top:0;bottom:0;left:0;right:0;margin:auto;padding:0;width:22px;height:22px}<\/style>\t\t<div class=\"elementor-spacer\">\n\t\t\t<div class=\"elementor-spacer-inner\"><\/div>\n\t\t<\/div>\n\t\t\t\t<\/div>\n\t\t\t\t<\/div>\n\t\t\t\t<div class=\"elementor-element elementor-element-459e8cd elementor-widget elementor-widget-shortcode\" data-id=\"459e8cd\" data-element_type=\"widget\" data-widget_type=\"shortcode.default\">\n\t\t\t\t<div class=\"elementor-widget-container\">\n\t\t\t\t\t<div class=\"elementor-shortcode\">\n<table id=\"tablepress-1\" class=\"tablepress tablepress-id-1\">\n<tbody class=\"row-hover\">\n<tr class=\"row-1 odd\">\n\t<td class=\"column-1\">09:00<\/td><td class=\"column-2\"><strong>Begr\u00fc\u00dfung und Einf\u00fchrung<\/strong><br \/>\nMilene Rijcken, M\u00fcnchen<br \/>\nAlexandra Handrich, M\u00fcnchen<br \/>\nDr. Andreas Bracher, M\u00fcnchen<\/td>\n<\/tr>\n<tr class=\"row-2 even\">\n\t<td class=\"column-1\">09:25<\/td><td class=\"column-2\"><strong>Friedreich-Ataxie: die h\u00e4ufigste erbliche Ataxie<\/strong><br \/>\nProf. Dr. med. Andreas Hahn, Gie\u00dfen<\/td>\n<\/tr>\n<tr class=\"row-3 odd\">\n\t<td class=\"column-1\">09:50<\/td><td class=\"column-2\"><strong>Neue Therapieoption \u2013 erste Erfahrungen mit Omaveloxolon <\/strong><br \/>\nDr. med. Ivan Karin, M\u00fcnchen<\/td>\n<\/tr>\n<tr class=\"row-4 even\">\n\t<td class=\"column-1\">10:15<\/td><td class=\"column-2\"><strong>Abschlussdiskussion und Zusammenfassung<\/strong><br \/>\nAlle Referenten und Plenum<\/td>\n<\/tr>\n<\/tbody>\n<\/table>\n<!-- #tablepress-1 from cache --><\/div>\n\t\t\t\t<\/div>\n\t\t\t\t<\/div>\n\t\t\t\t<div class=\"elementor-element elementor-element-e358f10 elementor-align-center back-history elementor-widget elementor-widget-button\" data-id=\"e358f10\" data-element_type=\"widget\" data-widget_type=\"button.default\">\n\t\t\t\t<div class=\"elementor-widget-container\">\n\t\t\t\t\t<div class=\"elementor-button-wrapper\">\n\t\t\t<a class=\"elementor-button elementor-button-link elementor-size-sm\" href=\"#\">\n\t\t\t\t\t\t<span class=\"elementor-button-content-wrapper\">\n\t\t\t\t\t\t<span class=\"elementor-button-text\">Zur\u00fcck<\/span>\n\t\t<\/span>\n\t\t\t\t\t<\/a>\n\t\t<\/div>\n\t\t\t\t<\/div>\n\t\t\t\t<\/div>\n\t\t\t\t<div class=\"elementor-element elementor-element-37bc70a elementor-widget elementor-widget-html\" data-id=\"37bc70a\" data-element_type=\"widget\" data-widget_type=\"html.default\">\n\t\t\t\t<div class=\"elementor-widget-container\">\n\t\t\t<script>\r\ndocument.addEventListener('DOMContentLoaded', function () {\r\n    let backButtons = document.querySelectorAll('.back-history');\r\n    backButtons.forEach(function (backButton) {\r\n        backButton.addEventListener('click', function (e) {\r\n            e.preventDefault();\r\n            history.back();\r\n        });\r\n    });\r\n});\r\n<\/script>\r\n\t\t<\/div>\n\t\t\t\t<\/div>\n\t\t\t\t\t<\/div>\n\t\t<\/div>\n\t\t\t\t\t<\/div>\n\t\t<\/section>\n\t\t\t\t<\/div>\n\t\t","protected":false},"excerpt":{"rendered":"<p>Zur\u00fcck<\/p>\n","protected":false},"author":1,"featured_media":0,"parent":0,"menu_order":0,"comment_status":"closed","ping_status":"closed","template":"","meta":{"footnotes":""},"class_list":["post-96","page","type-page","status-publish","hentry"],"_links":{"self":[{"href":"https:\/\/biogen.gr-live.de\/index.php\/wp-json\/wp\/v2\/pages\/96","targetHints":{"allow":["GET"]}}],"collection":[{"href":"https:\/\/biogen.gr-live.de\/index.php\/wp-json\/wp\/v2\/pages"}],"about":[{"href":"https:\/\/biogen.gr-live.de\/index.php\/wp-json\/wp\/v2\/types\/page"}],"author":[{"embeddable":true,"href":"https:\/\/biogen.gr-live.de\/index.php\/wp-json\/wp\/v2\/users\/1"}],"replies":[{"embeddable":true,"href":"https:\/\/biogen.gr-live.de\/index.php\/wp-json\/wp\/v2\/comments?post=96"}],"version-history":[{"count":41,"href":"https:\/\/biogen.gr-live.de\/index.php\/wp-json\/wp\/v2\/pages\/96\/revisions"}],"predecessor-version":[{"id":308,"href":"https:\/\/biogen.gr-live.de\/index.php\/wp-json\/wp\/v2\/pages\/96\/revisions\/308"}],"wp:attachment":[{"href":"https:\/\/biogen.gr-live.de\/index.php\/wp-json\/wp\/v2\/media?parent=96"}],"curies":[{"name":"wp","href":"https:\/\/api.w.org\/{rel}","templated":true}]}}